{"id":347,"date":"2023-04-02T13:31:49","date_gmt":"2023-04-02T13:31:49","guid":{"rendered":"https:\/\/www.meckiapartments.it\/home\/"},"modified":"2023-12-07T15:19:49","modified_gmt":"2023-12-07T15:19:49","slug":"home","status":"publish","type":"page","link":"https:\/\/www.meckiapartments.it\/de\/","title":{"rendered":"Home"},"content":{"rendered":"<p>[et_pb_section fb_built=&#8220;1&#8243; fullwidth=&#8220;on&#8220; _builder_version=&#8220;4.20.2&#8243; _module_preset=&#8220;default&#8220; min_height=&#8220;95vh&#8220; height=&#8220;95vh&#8220; global_colors_info=&#8220;{}&#8220;][et_pb_fullwidth_slider module_class=&#8220;dm-autoplay-click&#8220; _builder_version=&#8220;4.20.4&#8243; _module_preset=&#8220;default&#8220; hover_enabled=&#8220;0&#8243; custom_css_main_element=&#8220;padding:0;&#8220; global_colors_info=&#8220;{}&#8220; sticky_enabled=&#8220;0&#8243;][et_pb_slide use_bg_overlay=&#8220;off&#8220; _builder_version=&#8220;4.20.4&#8243; _module_preset=&#8220;default&#8220; background_enable_color=&#8220;off&#8220; background_video_mp4=&#8220;http:\/\/www.meckiapartments.it\/wp-content\/uploads\/2023\/04\/MECKIS-HOMEPAGE-IPHONE-ED.mov&#8220; background_enable_video_mp4=&#8220;on&#8220; custom_css_main_element=&#8220;height:90vh;||padding:0 !important;&#8220; global_colors_info=&#8220;{}&#8220; sticky_transition=&#8220;on&#8220;]<\/p>\n<p>click for music<\/p>\n<p>[\/et_pb_slide][\/et_pb_fullwidth_slider][\/et_pb_section][et_pb_section fb_built=&#8220;1&#8243; _builder_version=&#8220;4.20.2&#8243; _module_preset=&#8220;default&#8220; global_colors_info=&#8220;{}&#8220;][et_pb_row _builder_version=&#8220;4.20.2&#8243; _module_preset=&#8220;default&#8220; global_colors_info=&#8220;{}&#8220;][et_pb_column type=&#8220;4_4&#8243; _builder_version=&#8220;4.20.2&#8243; _module_preset=&#8220;default&#8220; global_colors_info=&#8220;{}&#8220;][et_pb_text admin_label=&#8220;Testo principale DE&#8220; _builder_version=&#8220;4.20.4&#8243; _module_preset=&#8220;default&#8220; global_colors_info=&#8220;{}&#8220;]<\/p>\n<div>&nbsp;<\/div>\n<div>Willkommen in den Ferienwohnungen f\u00fcr Liebhaber von Radfahren, Mountainbiken und Segeln am pr\u00e4chtigen Gardasee.<\/div>\n<div>Unsere Einrichtung bietet nicht nur komfortable Unterk\u00fcnfte, sondern auch dedizierte R\u00e4ume zur Aufbewahrung von Sportausr\u00fcstung wie Fahrr\u00e4dern und nautischer Ausr\u00fcstung.<\/div>\n<div>Mit direktem Zugang zu Radwegen und nur wenige Schritte vom Wasser des Sees entfernt, haben Sie die M\u00f6glichkeit, die Gegend aktiv und leidenschaftlich zu erkunden.<\/div>\n<div>Nach einem Tag voller Abenteuer finden Sie Entspannung in unseren Apartments, die darauf ausgelegt sind, den spezifischen Bed\u00fcrfnissen von Naturliebhabern und Sportbegeisterten gerecht&nbsp;zu&nbsp;werden.<\/div>\n<p>[\/et_pb_text][\/et_pb_column][\/et_pb_row][\/et_pb_section][et_pb_section fb_built=&#8220;1&#8243; _builder_version=&#8220;4.20.4&#8243; _module_preset=&#8220;default&#8220; global_colors_info=&#8220;{}&#8220;][et_pb_row _builder_version=&#8220;4.20.4&#8243; _module_preset=&#8220;default&#8220; global_colors_info=&#8220;{}&#8220;][et_pb_column type=&#8220;4_4&#8243; _builder_version=&#8220;4.20.4&#8243; _module_preset=&#8220;default&#8220; global_colors_info=&#8220;{}&#8220;][et_pb_gallery gallery_ids=&#8220;120,111,109,107,105,104,103,122,116,114,108,94,92,89,88,87,86,85,84,83,82,81&#8243; fullwidth=&#8220;on&#8220; admin_label=&#8220;GalleryHome&#8220; _builder_version=&#8220;4.20.4&#8243; _module_preset=&#8220;default&#8220; global_module=&#8220;406&#8243; saved_tabs=&#8220;all&#8220; global_colors_info=&#8220;{}&#8220;][\/et_pb_gallery][\/et_pb_column][\/et_pb_row][\/et_pb_section][et_pb_section fb_built=&#8220;1&#8243; admin_label=&#8220;Footer&#8220; _builder_version=&#8220;4.20.2&#8243; _module_preset=&#8220;default&#8220; background_color=&#8220;#eaeaea&#8220; saved_tabs=&#8220;all&#8220; global_colors_info=&#8220;{}&#8220;][et_pb_row column_structure=&#8220;1_3,1_3,1_3&#8243; _builder_version=&#8220;4.20.2&#8243; _module_preset=&#8220;default&#8220; global_colors_info=&#8220;{}&#8220;][et_pb_column type=&#8220;1_3&#8243; _builder_version=&#8220;4.20.2&#8243; _module_preset=&#8220;default&#8220; global_colors_info=&#8220;{}&#8220;][et_pb_text admin_label=&#8220;Indirizzo&#8220; _builder_version=&#8220;4.20.2&#8243; _module_preset=&#8220;default&#8220; global_colors_info=&#8220;{}&#8220;]<\/p>\n<p><strong>Mecki&#8217;s Apartments<\/strong><\/p>\n<p>Via Matteotti, 114<br \/>Torbole sul Garda (TN)<br \/>Italy<\/p>\n<p>[\/et_pb_text][\/et_pb_column][et_pb_column type=&#8220;1_3&#8243; _builder_version=&#8220;4.20.2&#8243; _module_preset=&#8220;default&#8220; global_colors_info=&#8220;{}&#8220;][\/et_pb_column][et_pb_column type=&#8220;1_3&#8243; _builder_version=&#8220;4.20.2&#8243; _module_preset=&#8220;default&#8220; global_colors_info=&#8220;{}&#8220;][\/et_pb_column][\/et_pb_row][\/et_pb_section]<\/p>\n","protected":false},"excerpt":{"rendered":"<p>click for music&nbsp; Willkommen in den Ferienwohnungen f\u00fcr Liebhaber von Radfahren, Mountainbiken und Segeln am pr\u00e4chtigen Gardasee. Unsere Einrichtung bietet nicht nur komfortable Unterk\u00fcnfte, sondern auch dedizierte R\u00e4ume zur Aufbewahrung von Sportausr\u00fcstung wie Fahrr\u00e4dern und nautischer Ausr\u00fcstung. Mit direktem Zugang zu Radwegen und nur wenige Schritte vom Wasser des Sees entfernt, haben Sie die M\u00f6glichkeit, [&hellip;]<\/p>\n","protected":false},"author":2,"featured_media":0,"parent":0,"menu_order":100100,"comment_status":"closed","ping_status":"closed","template":"","meta":{"_et_pb_use_builder":"on","_et_pb_old_content":"","_et_gb_content_width":"","footnotes":""},"class_list":["post-347","page","type-page","status-publish","hentry"],"_links":{"self":[{"href":"https:\/\/www.meckiapartments.it\/de\/wp-json\/wp\/v2\/pages\/347","targetHints":{"allow":["GET"]}}],"collection":[{"href":"https:\/\/www.meckiapartments.it\/de\/wp-json\/wp\/v2\/pages"}],"about":[{"href":"https:\/\/www.meckiapartments.it\/de\/wp-json\/wp\/v2\/types\/page"}],"author":[{"embeddable":true,"href":"https:\/\/www.meckiapartments.it\/de\/wp-json\/wp\/v2\/users\/2"}],"replies":[{"embeddable":true,"href":"https:\/\/www.meckiapartments.it\/de\/wp-json\/wp\/v2\/comments?post=347"}],"version-history":[{"count":5,"href":"https:\/\/www.meckiapartments.it\/de\/wp-json\/wp\/v2\/pages\/347\/revisions"}],"predecessor-version":[{"id":421,"href":"https:\/\/www.meckiapartments.it\/de\/wp-json\/wp\/v2\/pages\/347\/revisions\/421"}],"wp:attachment":[{"href":"https:\/\/www.meckiapartments.it\/de\/wp-json\/wp\/v2\/media?parent=347"}],"curies":[{"name":"wp","href":"https:\/\/api.w.org\/{rel}","templated":true}]}}