{"id":369,"date":"2023-04-10T14:00:57","date_gmt":"2023-04-10T14:00:57","guid":{"rendered":"https:\/\/www.meckiapartments.it\/apartments\/"},"modified":"2023-12-15T09:41:08","modified_gmt":"2023-12-15T09:41:08","slug":"apartments","status":"publish","type":"page","link":"https:\/\/www.meckiapartments.it\/de\/apartments\/","title":{"rendered":"Apartments"},"content":{"rendered":"<p>[et_pb_section fb_built=&#8220;1&#8243; fullwidth=&#8220;on&#8220; _builder_version=&#8220;4.20.2&#8243; _module_preset=&#8220;default&#8220; min_height=&#8220;95vh&#8220; height=&#8220;95vh&#8220; global_colors_info=&#8220;{}&#8220;][et_pb_fullwidth_slider module_class=&#8220;dm-autoplay-click&#8220; _builder_version=&#8220;4.20.4&#8243; _module_preset=&#8220;default&#8220; custom_css_main_element=&#8220;padding:0;&#8220; global_colors_info=&#8220;{}&#8220;][et_pb_slide use_bg_overlay=&#8220;off&#8220; _builder_version=&#8220;4.20.4&#8243; _module_preset=&#8220;default&#8220; background_enable_color=&#8220;off&#8220; background_video_mp4=&#8220;http:\/\/www.meckiapartments.it\/wp-content\/uploads\/2023\/04\/MECKIS-APARTMENTS-IPHONE-ED_1.mp4&#8243; background_enable_video_mp4=&#8220;on&#8220; custom_css_main_element=&#8220;height:90vh;||padding:0 !important;&#8220; global_colors_info=&#8220;{}&#8220; sticky_transition=&#8220;on&#8220;]<\/p>\n<p>click for music<\/p>\n<p>[\/et_pb_slide][\/et_pb_fullwidth_slider][\/et_pb_section][et_pb_section fb_built=&#8220;1&#8243; _builder_version=&#8220;4.20.2&#8243; _module_preset=&#8220;default&#8220; global_colors_info=&#8220;{}&#8220;][et_pb_row _builder_version=&#8220;4.20.2&#8243; _module_preset=&#8220;default&#8220; global_colors_info=&#8220;{}&#8220;][et_pb_column type=&#8220;4_4&#8243; _builder_version=&#8220;4.20.2&#8243; _module_preset=&#8220;default&#8220; global_colors_info=&#8220;{}&#8220;][et_pb_text admin_label=&#8220;Testo appartamenti DE&#8220; _builder_version=&#8220;4.20.4&#8243; _module_preset=&#8220;default&#8220; hover_enabled=&#8220;0&#8243; global_colors_info=&#8220;{}&#8220; sticky_enabled=&#8220;0&#8243;]<\/p>\n<div>Erleben Sie Luxus auf zwei Ebenen in unseren Apartments mit einem ger\u00e4umigen Wohnbereich und einer K\u00fcche im Hauptgeschoss, gefolgt von einer wundervollen Terrasse mit Whirlpool und bezauberndem Seeblick.<\/div>\n<div>Diese einzigartige Anordnung schafft eine gem\u00fctliche und zeitgem\u00e4\u00dfe Umgebung, perfekt, um Momente der Entspannung und Unterhaltung zu genie\u00dfen.<\/div>\n<div>Tauchen Sie ein in den Komfort und die panoramische Sch\u00f6nheit dieser Apartments, die ein unvergessliches Erlebnis am Ufer des Sees versprechen.<\/div>\n<div>\u00a0<\/div>\n<div>\n<h3>Erdgeschoss mit verglastem Badezimmer<\/h3>\n<ul>\n<li>Gro\u00dfe Dusche<\/li>\n<li>Toilette mit Bidet<\/li>\n<li>Waschbecken mit beleuchtetem Spiegel<\/li>\n<li>F\u00f6hn<\/li>\n<li>Kosmetikwagen<\/li>\n<li>Waschmaschine<\/li>\n<\/ul>\n<h3>Ger\u00e4umiges Schlafzimmer mit Balkon<\/h3>\n<ul>\n<li>Gro\u00dfer Einbauschrank<\/li>\n<li>Nachttische mit Beleuchtung<\/li>\n<li>Taschenablage<\/li>\n<li>Safe<\/li>\n<li>Orthop\u00e4dische, allergikerfreundliche Matratze<\/li>\n<li>Klimaanlage und Heizung<\/li>\n<li>WLAN<\/li>\n<\/ul>\n<h3>Gro\u00dfer Wohnbereich mit K\u00fcche im oberen Stockwerk<\/h3>\n<ul>\n<li>Doppelbettsofa<\/li>\n<li>Satellitenfernsehen<\/li>\n<li>Mikrowelle<\/li>\n<li>Toaster<\/li>\n<li>Geschirrsp\u00fcler<\/li>\n<li>Voll ausgestattete K\u00fcche mit verschiedenen Geschirr, Gl\u00e4sern, Besteck und Ger\u00e4ten<\/li>\n<li>Gro\u00dfer Innenbereich mit Designerst\u00fchlen<\/li>\n<li>Klimaanlage und Heizung<\/li>\n<li>WLAN<\/li>\n<\/ul>\n<h3>Sonnenterrasse<\/h3>\n<ul>\n<li>Whirlpool<\/li>\n<li>Sonnenliegen<\/li>\n<li>Outdoor-Tisch mit St\u00fchlen<\/li>\n<li>Blick auf den See<\/li>\n<\/ul>\n<h3>Garage<\/h3>\n<ul>\n<li>Privatparkplatz mit Sicherheitst\u00fcr<\/li>\n<li>Lagerung f\u00fcr\u00a0Sportausr\u00fcstung<\/li>\n<\/ul>\n<\/div>\n<p>[\/et_pb_text][et_pb_accordion disabled_on=&#8220;on|on|on&#8220; _builder_version=&#8220;4.20.2&#8243; _module_preset=&#8220;default&#8220; disabled=&#8220;on&#8220; global_colors_info=&#8220;{}&#8220;][et_pb_accordion_item title=&#8220;Quante persone possono essere ospitate negli appartamenti?&#8220; open=&#8220;on&#8220; _builder_version=&#8220;4.20.2&#8243; _module_preset=&#8220;default&#8220; global_colors_info=&#8220;{}&#8220;]<\/p>\n<p>Gli appartamenti sono da 2-3-4 persone.<\/p>\n<p>[\/et_pb_accordion_item][et_pb_accordion_item title=&#8220;Cosa \u00e8 compreso nel prezzo?&#8220; _builder_version=&#8220;4.20.2&#8243; _module_preset=&#8220;default&#8220; global_colors_info=&#8220;{}&#8220; open=&#8220;off&#8220;]<\/p>\n<p>Nel prezzo sono compresi lenzuola (1 set a settimana), asciugamani ( 1 set a settimana), aria condizionata, tv, cassetta di sicurezza, microonde, wifi.<\/p>\n<p>[\/et_pb_accordion_item][\/et_pb_accordion][et_pb_toggle title=&#8220;primo&#8220; disabled_on=&#8220;on|on|on&#8220; _builder_version=&#8220;4.20.4&#8243; _module_preset=&#8220;default&#8220; disabled=&#8220;on&#8220; global_colors_info=&#8220;{}&#8220;]<\/p>\n<p>testo del primo<\/p>\n<p>[\/et_pb_toggle][\/et_pb_column][\/et_pb_row][\/et_pb_section][et_pb_section fb_built=&#8220;1&#8243; _builder_version=&#8220;4.20.4&#8243; _module_preset=&#8220;default&#8220; global_colors_info=&#8220;{}&#8220;][et_pb_row _builder_version=&#8220;4.20.4&#8243; _module_preset=&#8220;default&#8220; global_colors_info=&#8220;{}&#8220;][et_pb_column type=&#8220;4_4&#8243; _builder_version=&#8220;4.20.4&#8243; _module_preset=&#8220;default&#8220; global_colors_info=&#8220;{}&#8220;][et_pb_gallery gallery_ids=&#8220;93,104,105,98,97,99,100,101,102,90&#8243; fullwidth=&#8220;on&#8220; disabled_on=&#8220;on|on|on&#8220; _builder_version=&#8220;4.20.4&#8243; _module_preset=&#8220;default&#8220; disabled=&#8220;on&#8220; global_colors_info=&#8220;{}&#8220;][\/et_pb_gallery][et_pb_gallery gallery_ids=&#8220;93,104,98,97,99,100,101,102,90,119,118,117,115,112,91,95,113,121,105&#8243; fullwidth=&#8220;on&#8220; admin_label=&#8220;GalleryAppartamenti&#8220; _builder_version=&#8220;4.20.4&#8243; _module_preset=&#8220;default&#8220; global_module=&#8220;395&#8243; saved_tabs=&#8220;all&#8220; global_colors_info=&#8220;{}&#8220;][\/et_pb_gallery][\/et_pb_column][\/et_pb_row][\/et_pb_section][et_pb_section fb_built=&#8220;1&#8243; admin_label=&#8220;Footer&#8220; _builder_version=&#8220;4.20.2&#8243; _module_preset=&#8220;default&#8220; background_color=&#8220;#eaeaea&#8220; global_colors_info=&#8220;{}&#8220;][et_pb_row column_structure=&#8220;1_3,1_3,1_3&#8243; _builder_version=&#8220;4.20.2&#8243; _module_preset=&#8220;default&#8220; global_colors_info=&#8220;{}&#8220;][et_pb_column type=&#8220;1_3&#8243; _builder_version=&#8220;4.20.2&#8243; _module_preset=&#8220;default&#8220; global_colors_info=&#8220;{}&#8220;][et_pb_text admin_label=&#8220;Indirizzo&#8220; _builder_version=&#8220;4.20.2&#8243; _module_preset=&#8220;default&#8220; global_colors_info=&#8220;{}&#8220;]<\/p>\n<p><strong>Mecki&#8217;s Apartments<\/strong><\/p>\n<p>Via Matteotti, 114<br \/>Torbole sul Garda (TN)<br \/>Italy<\/p>\n<p>[\/et_pb_text][\/et_pb_column][et_pb_column type=&#8220;1_3&#8243; _builder_version=&#8220;4.20.2&#8243; _module_preset=&#8220;default&#8220; global_colors_info=&#8220;{}&#8220;][\/et_pb_column][et_pb_column type=&#8220;1_3&#8243; _builder_version=&#8220;4.20.2&#8243; _module_preset=&#8220;default&#8220; global_colors_info=&#8220;{}&#8220;][\/et_pb_column][\/et_pb_row][\/et_pb_section]<\/p>\n","protected":false},"excerpt":{"rendered":"<p>click for musicErleben Sie Luxus auf zwei Ebenen in unseren Apartments mit einem ger\u00e4umigen Wohnbereich und einer K\u00fcche im Hauptgeschoss, gefolgt von einer wundervollen Terrasse mit Whirlpool und bezauberndem Seeblick. Diese einzigartige Anordnung schafft eine gem\u00fctliche und zeitgem\u00e4\u00dfe Umgebung, perfekt, um Momente der Entspannung und Unterhaltung zu genie\u00dfen. Tauchen Sie ein in den Komfort und [&hellip;]<\/p>\n","protected":false},"author":2,"featured_media":0,"parent":0,"menu_order":100200,"comment_status":"closed","ping_status":"closed","template":"","meta":{"_et_pb_use_builder":"on","_et_pb_old_content":"","_et_gb_content_width":"","footnotes":""},"class_list":["post-369","page","type-page","status-publish","hentry"],"_links":{"self":[{"href":"https:\/\/www.meckiapartments.it\/de\/wp-json\/wp\/v2\/pages\/369","targetHints":{"allow":["GET"]}}],"collection":[{"href":"https:\/\/www.meckiapartments.it\/de\/wp-json\/wp\/v2\/pages"}],"about":[{"href":"https:\/\/www.meckiapartments.it\/de\/wp-json\/wp\/v2\/types\/page"}],"author":[{"embeddable":true,"href":"https:\/\/www.meckiapartments.it\/de\/wp-json\/wp\/v2\/users\/2"}],"replies":[{"embeddable":true,"href":"https:\/\/www.meckiapartments.it\/de\/wp-json\/wp\/v2\/comments?post=369"}],"version-history":[{"count":6,"href":"https:\/\/www.meckiapartments.it\/de\/wp-json\/wp\/v2\/pages\/369\/revisions"}],"predecessor-version":[{"id":440,"href":"https:\/\/www.meckiapartments.it\/de\/wp-json\/wp\/v2\/pages\/369\/revisions\/440"}],"wp:attachment":[{"href":"https:\/\/www.meckiapartments.it\/de\/wp-json\/wp\/v2\/media?parent=369"}],"curies":[{"name":"wp","href":"https:\/\/api.w.org\/{rel}","templated":true}]}}